{"id":8754,"date":"2016-03-14T14:33:38","date_gmt":"2016-03-14T14:33:38","guid":{"rendered":"http:\/\/brooklyn.fatmoon.kinsta.com\/?page_id=2"},"modified":"2024-07-15T18:57:17","modified_gmt":"2024-07-15T18:57:17","slug":"home","status":"publish","type":"page","link":"https:\/\/gingandopelapaz.org\/fr\/","title":{"rendered":"Home"},"content":{"rendered":"<div data-elementor-type=\"wp-post\" data-elementor-id=\"8754\" class=\"elementor elementor-8754\">\n\t\t\t\t\t\t<section class=\"ob-is-breaking-bad elementor-section elementor-top-section elementor-element elementor-element-a0bb184 elementor-section-stretched elementor-section-full_width elementor-section-height-default elementor-section-height-default\" data-id=\"a0bb184\" data-element_type=\"section\" data-e-type=\"section\" data-settings=\"{&quot;stretch_section&quot;:&quot;section-stretched&quot;,&quot;_ob_bbad_use_it&quot;:&quot;yes&quot;,&quot;_ob_bbad_sssic_use&quot;:&quot;no&quot;,&quot;_ob_glider_is_slider&quot;:&quot;no&quot;}\">\n\t\t\t\t\t\t<div class=\"elementor-container elementor-column-gap-no\">\n\t\t\t\t\t<div class=\"elementor-column elementor-col-100 elementor-top-column elementor-element elementor-element-24ed172\" data-id=\"24ed172\" data-element_type=\"column\" data-e-type=\"column\" data-settings=\"{&quot;_ob_bbad_is_stalker&quot;:&quot;no&quot;,&quot;_ob_teleporter_use&quot;:false,&quot;_ob_column_hoveranimator&quot;:&quot;no&quot;,&quot;_ob_column_has_pseudo&quot;:&quot;no&quot;}\">\n\t\t\t<div class=\"elementor-widget-wrap elementor-element-populated\">\n\t\t\t\t\t\t<div class=\"elementor-element elementor-element-5520b2d elementor-invisible ob-has-background-overlay elementor-widget elementor-widget-a13fe-slider\" data-id=\"5520b2d\" data-element_type=\"widget\" data-e-type=\"widget\" data-settings=\"{&quot;_animation&quot;:&quot;fadeIn&quot;,&quot;_ob_perspektive_use&quot;:&quot;no&quot;,&quot;_ob_poopart_use&quot;:&quot;yes&quot;,&quot;_ob_shadough_use&quot;:&quot;no&quot;,&quot;_ob_allow_hoveranimator&quot;:&quot;no&quot;,&quot;_ob_widget_stalker_use&quot;:&quot;no&quot;}\" data-widget_type=\"a13fe-slider.default\">\n\t\t\t\t<div class=\"elementor-widget-container\">\n\t\t\t\t\t<div class=\"a13-slider-stuff\" data-autoplay=\"on\" data-transition=\"3\" data-fit_variant=\"4\" data-pattern=\"2\" data-gradient=\"off\" data-ken_burns_scale=\"110%\" data-texts=\"on\" data-title_color=\"\" data-transition_time=\"600\" data-slide_interval=\"7000\" data-thumbs=\"on\" data-thumbs_on_load=\"off\" data-socials=\"off\" data-window_high=\"on\" data-main_slider=\"off\" data-ratio=\"16\/9\">\t    <ul class=\"gallery-media-collection screen-reader-text\">\r\n\t\t\t\t<li class=\"gallery-item type-image subtype-webp link\" data-id=\"12162\" data-ratio_x=\"1\" data-bg_color=\"\" data-alt_attr=\"Gingando pela Paz\" data-main-image=\"https:\/\/gingandopelapaz.org\/wp-content\/uploads\/2017\/01\/flyer_seaquest_10x15_sem_sangramento.webp\" data-brick_image=\"https:\/\/gingandopelapaz.org\/wp-content\/uploads\/apollo13_images\/flyer_seaquest_10x15_sem_sangramento-7jpujrttdedlsvawtg7mx0ifa2ksvxf4ol.webp\" data-thumb=\"https:\/\/gingandopelapaz.org\/wp-content\/uploads\/2017\/01\/flyer_seaquest_10x15_sem_sangramento-150x150.webp\" data-link_target=\"0\" data-category-filter_0=\"1\" data-category-filter_1=\"1\" data-category-filter_2=\"1\" data-filter=\"filter_0,filter_1,filter_2,\">\r\n\t\t<a class=\"item__link\" href=\"\/fr\/gingando-pela-paz\/\">Gingando pela Paz<\/a>\r\n\t\t\t\t\t<div id=\"item-desc-1\" class=\"item-desc\">La capoeira en tant que technologie sociale pour la protection des enfants vuln\u00e9rables<\/div>\r\n\t\t\t<\/li>\r\n\t<li class=\"gallery-item type-image subtype-webp link\" data-id=\"12165\" data-ratio_x=\"1\" data-bg_color=\"\" data-alt_attr=\"Galeria da Gingando\" data-main-image=\"https:\/\/gingandopelapaz.org\/wp-content\/uploads\/2020\/06\/foto_slider-scaled.webp\" data-brick_image=\"https:\/\/gingandopelapaz.org\/wp-content\/uploads\/apollo13_images\/foto_slider-scaled-7jpujsw014eo3f7pime89i13qw7by6e8vp.webp\" data-thumb=\"https:\/\/gingandopelapaz.org\/wp-content\/uploads\/2020\/06\/foto_slider-scaled-150x150.webp\" data-link_target=\"0\" data-category-filter_3=\"1\" data-category-filter_4=\"1\" data-category-filter_5=\"1\" data-filter=\"filter_3,filter_4,filter_5,\">\r\n\t\t<a class=\"item__link\" href=\"\/fr\/galeria\/\">Galerie Gingando<\/a>\r\n\t\t\t\t\t<div id=\"item-desc-2\" class=\"item-desc\">Photos et vid\u00e9os - Gingando pela Paz<\/div>\r\n\t\t\t<\/li>\r\n\t<li class=\"gallery-item type-image subtype-webp link\" data-id=\"12166\" data-ratio_x=\"1\" data-bg_color=\"\" data-alt_attr=\"Blog da Gingando\" data-main-image=\"https:\/\/gingandopelapaz.org\/wp-content\/uploads\/2020\/06\/img_1983-scaled.webp\" data-brick_image=\"https:\/\/gingandopelapaz.org\/wp-content\/uploads\/apollo13_images\/img_1983-scaled-7jpujtf3czf78p63v7hixqsfzb0lhavsz9.webp\" data-thumb=\"https:\/\/gingandopelapaz.org\/wp-content\/uploads\/2020\/06\/img_1983-scaled-150x150.webp\" data-link_target=\"0\" data-category-filter_6=\"1\" data-category-filter_7=\"1\" data-category-filter_8=\"1\" data-filter=\"filter_6,filter_7,filter_8,\">\r\n\t\t<a class=\"item__link\" href=\"\/fr\/blog\/\">IMG 1983 scaled<\/a>\r\n\t\t\t\t\t<div id=\"item-desc-3\" class=\"item-desc\">Gingando na Informa\u00e7\u00e3o: Derni\u00e8res nouvelles, nouvelles et \u00e9v\u00e9nements<\/div>\r\n\t\t\t<\/li>\r\n\t<li class=\"gallery-item type-image subtype-webp link\" data-id=\"12164\" data-ratio_x=\"1\" data-bg_color=\"\" data-alt_attr=\"Voluntariado Gingando pela Paz\" data-main-image=\"https:\/\/gingandopelapaz.org\/wp-content\/uploads\/2020\/06\/caiana-moranguinho-e-dandara-scaled.webp\" data-brick_image=\"https:\/\/gingandopelapaz.org\/wp-content\/uploads\/apollo13_images\/caiana-moranguinho-e-dandara-scaled-7jpujscwp9e4y59b61axl99rihe2f1wos5.webp\" data-thumb=\"https:\/\/gingandopelapaz.org\/wp-content\/uploads\/2020\/06\/caiana-moranguinho-e-dandara-scaled-150x150.webp\" data-link_target=\"0\" data-category-filter_9=\"1\" data-category-filter_10=\"1\" data-filter=\"filter_9,filter_10,\">\r\n\t\t<a class=\"item__link\" href=\"\/fr\/voluntariado-gingando-pela-paz\/\">Gingando no Voluntariado<\/a>\r\n\t\t\t\t\t<div id=\"item-desc-4\" class=\"item-desc\">Faites votre candidature spontan\u00e9e pour notre programme de b\u00e9n\u00e9volat<\/div>\r\n\t\t\t<\/li>\r\n\t<li class=\"gallery-item type-image subtype-webp link\" data-id=\"12551\" data-ratio_x=\"1\" data-bg_color=\"\" data-alt_attr=\"Apoie a Gingando\" data-main-image=\"https:\/\/gingandopelapaz.org\/wp-content\/uploads\/2020\/06\/img_9955-scaled.webp\" data-brick_image=\"https:\/\/gingandopelapaz.org\/wp-content\/uploads\/apollo13_images\/img_9955-scaled-7jpuk89ol3u3cfx9nm1tsk1yits0csjfqt.webp\" data-thumb=\"https:\/\/gingandopelapaz.org\/wp-content\/uploads\/2020\/06\/img_9955-scaled-150x150.webp\" data-link_target=\"0\" data-category-filter_11=\"1\" data-filter=\"filter_11,\">\r\n\t\t<a class=\"item__link\" href=\"\/fr\/apoie-a-gingando-pela-paz\/\">IMG 9955 scaled<\/a>\r\n\t\t\t\t\t<div id=\"item-desc-5\" class=\"item-desc\">Seja amigo da Gingando, acreditamos que uma sociedade livre de viol\u00eancias \u00e9 poss\u00edvel e que cada um pode e deve fazer a sua parte!<\/div>\r\n\t\t\t<\/li>\r\n\t\t<\/ul>\r\n\t    <\/div>\t\t\t\t<\/div>\n\t\t\t\t<\/div>\n\t\t\t\t\t<\/div>\n\t\t<\/div>\n\t\t\t\t\t<\/div>\n\t\t<\/section>\n\t\t\t\t<section class=\"ob-is-breaking-bad elementor-section elementor-top-section elementor-element elementor-element-023ffc1 elementor-section-stretched elementor-section-full_width elementor-section-height-default elementor-section-height-default\" data-id=\"023ffc1\" data-element_type=\"section\" data-e-type=\"section\" data-settings=\"{&quot;stretch_section&quot;:&quot;section-stretched&quot;,&quot;_ob_bbad_use_it&quot;:&quot;yes&quot;,&quot;_ob_bbad_sssic_use&quot;:&quot;no&quot;,&quot;_ob_glider_is_slider&quot;:&quot;no&quot;}\">\n\t\t\t\t\t\t<div class=\"elementor-container elementor-column-gap-default\">\n\t\t\t\t\t<div class=\"elementor-column elementor-col-50 elementor-top-column elementor-element elementor-element-45699cb\" data-id=\"45699cb\" data-element_type=\"column\" data-e-type=\"column\" data-settings=\"{&quot;_ob_bbad_is_stalker&quot;:&quot;no&quot;,&quot;_ob_teleporter_use&quot;:false,&quot;_ob_column_hoveranimator&quot;:&quot;no&quot;,&quot;_ob_column_has_pseudo&quot;:&quot;no&quot;}\">\n\t\t\t<div class=\"elementor-widget-wrap elementor-element-populated\">\n\t\t\t\t\t\t<div class=\"elementor-element elementor-element-9db00db ob-harakiri-inherit ob-has-background-overlay elementor-widget elementor-widget-heading\" data-id=\"9db00db\" data-element_type=\"widget\" data-e-type=\"widget\" data-settings=\"{&quot;_ob_use_harakiri&quot;:&quot;yes&quot;,&quot;_ob_harakiri_writing_mode&quot;:&quot;inherit&quot;,&quot;_ob_harakiri_text_clip&quot;:&quot;none&quot;,&quot;_ob_perspektive_use&quot;:&quot;no&quot;,&quot;_ob_poopart_use&quot;:&quot;yes&quot;,&quot;_ob_shadough_use&quot;:&quot;no&quot;,&quot;_ob_allow_hoveranimator&quot;:&quot;no&quot;,&quot;_ob_widget_stalker_use&quot;:&quot;no&quot;}\" data-widget_type=\"heading.default\">\n\t\t\t\t<div class=\"elementor-widget-container\">\n\t\t\t\t\t<h1 class=\"elementor-heading-title elementor-size-default\">Gingando pela Paz<\/h1>\t\t\t\t<\/div>\n\t\t\t\t<\/div>\n\t\t\t\t\t<\/div>\n\t\t<\/div>\n\t\t\t\t<div class=\"elementor-column elementor-col-50 elementor-top-column elementor-element elementor-element-7260677\" data-id=\"7260677\" data-element_type=\"column\" data-e-type=\"column\" data-settings=\"{&quot;_ob_bbad_is_stalker&quot;:&quot;no&quot;,&quot;_ob_teleporter_use&quot;:false,&quot;_ob_column_hoveranimator&quot;:&quot;no&quot;,&quot;_ob_column_has_pseudo&quot;:&quot;no&quot;}\">\n\t\t\t<div class=\"elementor-widget-wrap elementor-element-populated\">\n\t\t\t\t\t\t<div class=\"elementor-element elementor-element-aa57350 ob-harakiri-inherit ob-has-background-overlay elementor-widget elementor-widget-heading\" data-id=\"aa57350\" data-element_type=\"widget\" data-e-type=\"widget\" data-settings=\"{&quot;_ob_use_harakiri&quot;:&quot;yes&quot;,&quot;_ob_harakiri_writing_mode&quot;:&quot;inherit&quot;,&quot;_ob_harakiri_text_clip&quot;:&quot;none&quot;,&quot;_ob_perspektive_use&quot;:&quot;no&quot;,&quot;_ob_poopart_use&quot;:&quot;yes&quot;,&quot;_ob_shadough_use&quot;:&quot;no&quot;,&quot;_ob_allow_hoveranimator&quot;:&quot;no&quot;,&quot;_ob_widget_stalker_use&quot;:&quot;no&quot;}\" data-widget_type=\"heading.default\">\n\t\t\t\t<div class=\"elementor-widget-container\">\n\t\t\t\t\t<h2 class=\"elementor-heading-title elementor-size-default\">La capoeira en tant que technologie sociale pour la protection des enfants vuln\u00e9rables<\/h2>\t\t\t\t<\/div>\n\t\t\t\t<\/div>\n\t\t\t\t\t<\/div>\n\t\t<\/div>\n\t\t\t\t\t<\/div>\n\t\t<\/section>\n\t\t\t\t<section class=\"ob-is-breaking-bad elementor-section elementor-top-section elementor-element elementor-element-f0d664a elementor-section-stretched elementor-section-full_width elementor-section-height-default elementor-section-height-default\" data-id=\"f0d664a\" data-element_type=\"section\" data-e-type=\"section\" data-settings=\"{&quot;stretch_section&quot;:&quot;section-stretched&quot;,&quot;_ob_bbad_use_it&quot;:&quot;yes&quot;,&quot;_ob_bbad_sssic_use&quot;:&quot;no&quot;,&quot;_ob_glider_is_slider&quot;:&quot;no&quot;}\">\n\t\t\t\t\t\t<div class=\"elementor-container elementor-column-gap-default\">\n\t\t\t\t\t<div class=\"elementor-column elementor-col-100 elementor-top-column elementor-element elementor-element-3a1b259\" data-id=\"3a1b259\" data-element_type=\"column\" data-e-type=\"column\" data-settings=\"{&quot;_ob_bbad_is_stalker&quot;:&quot;no&quot;,&quot;_ob_teleporter_use&quot;:false,&quot;_ob_column_hoveranimator&quot;:&quot;no&quot;,&quot;_ob_column_has_pseudo&quot;:&quot;no&quot;}\">\n\t\t\t<div class=\"elementor-widget-wrap elementor-element-populated\">\n\t\t\t\t\t\t<div class=\"elementor-element elementor-element-1c8978b ob-harakiri-inherit ob-has-background-overlay elementor-widget elementor-widget-heading\" data-id=\"1c8978b\" data-element_type=\"widget\" data-e-type=\"widget\" data-settings=\"{&quot;_ob_use_harakiri&quot;:&quot;yes&quot;,&quot;_ob_harakiri_writing_mode&quot;:&quot;inherit&quot;,&quot;_ob_harakiri_text_clip&quot;:&quot;none&quot;,&quot;_ob_perspektive_use&quot;:&quot;no&quot;,&quot;_ob_poopart_use&quot;:&quot;yes&quot;,&quot;_ob_shadough_use&quot;:&quot;no&quot;,&quot;_ob_allow_hoveranimator&quot;:&quot;no&quot;,&quot;_ob_widget_stalker_use&quot;:&quot;no&quot;}\" data-widget_type=\"heading.default\">\n\t\t\t\t<div class=\"elementor-widget-container\">\n\t\t\t\t\t<h3 class=\"elementor-heading-title elementor-size-default\"><a href=\"https:\/\/gingandopelapaz.org\/fr\/noticias\/\">Gingando na Informa\u00e7\u00e3o<\/a><\/h3>\t\t\t\t<\/div>\n\t\t\t\t<\/div>\n\t\t\t\t<div class=\"elementor-element elementor-element-4a48dba ob-harakiri-inherit ob-has-background-overlay elementor-widget elementor-widget-heading\" data-id=\"4a48dba\" data-element_type=\"widget\" data-e-type=\"widget\" data-settings=\"{&quot;_ob_use_harakiri&quot;:&quot;yes&quot;,&quot;_ob_harakiri_writing_mode&quot;:&quot;inherit&quot;,&quot;_ob_harakiri_text_clip&quot;:&quot;none&quot;,&quot;_ob_perspektive_use&quot;:&quot;no&quot;,&quot;_ob_poopart_use&quot;:&quot;yes&quot;,&quot;_ob_shadough_use&quot;:&quot;no&quot;,&quot;_ob_allow_hoveranimator&quot;:&quot;no&quot;,&quot;_ob_widget_stalker_use&quot;:&quot;no&quot;}\" data-widget_type=\"heading.default\">\n\t\t\t\t<div class=\"elementor-widget-container\">\n\t\t\t\t\t<h5 class=\"elementor-heading-title elementor-size-default\">Not\u00edcias - Novidades - Eventos<\/h5>\t\t\t\t<\/div>\n\t\t\t\t<\/div>\n\t\t\t\t<div class=\"elementor-element elementor-element-d8f12a8 ob-has-background-overlay elementor-widget elementor-widget-htmega-postgrid-addons\" data-id=\"d8f12a8\" data-element_type=\"widget\" data-e-type=\"widget\" data-settings=\"{&quot;grid_post_type&quot;:&quot;post&quot;,&quot;_ob_perspektive_use&quot;:&quot;no&quot;,&quot;_ob_poopart_use&quot;:&quot;yes&quot;,&quot;_ob_shadough_use&quot;:&quot;no&quot;,&quot;_ob_allow_hoveranimator&quot;:&quot;no&quot;,&quot;_ob_widget_stalker_use&quot;:&quot;no&quot;}\" data-widget_type=\"htmega-postgrid-addons.default\">\n\t\t\t\t<div class=\"elementor-widget-container\">\n\t\t\t\t\t            \n        <div class=\"htmega-post-grid-area htmega-post-grid-layout-4\">\n            <div class=\"htb-col\">\n                <div class=\"row--10 htb-row\">\n                    \n                                                    <div class=\"htb-col-lg-4 htb-col-sm-6 htb-col-12\">\n                                <div class=\"ht-post black-overlay mt--30\">\n                                        <div class=\"thumb\">\n                                            <a href=\"https:\/\/gingandopelapaz.org\/fr\/uncategorized\/gingando-com-o-dr-denis-mukwege-premio-nobel-da-paz\/\">\n                                                <img fetchpriority=\"high\" decoding=\"async\" width=\"1440\" height=\"1080\" src=\"https:\/\/gingandopelapaz.org\/wp-content\/uploads\/2020\/09\/img_2077.webp\" class=\"attachment-full size-full wp-post-image\" alt=\"\" srcset=\"https:\/\/gingandopelapaz.org\/wp-content\/uploads\/2020\/09\/img_2077.webp 1440w, https:\/\/gingandopelapaz.org\/wp-content\/uploads\/2020\/09\/img_2077-300x225.webp 300w, https:\/\/gingandopelapaz.org\/wp-content\/uploads\/2020\/09\/img_2077-1024x768.webp 1024w, https:\/\/gingandopelapaz.org\/wp-content\/uploads\/2020\/09\/img_2077-768x576.webp 768w, https:\/\/gingandopelapaz.org\/wp-content\/uploads\/2020\/09\/img_2077-16x12.webp 16w\" sizes=\"(max-width: 1440px) 100vw, 1440px\" \/>                                            <\/a>\n                                        <\/div>\n                                                                                            <a href=\"https:\/\/gingandopelapaz.org\/fr\/category\/uncategorized\/\" class=\"category post-category post-position-top-left uncategorized\">Uncategorized<\/a>\n                                                                                            <div class=\"post-content\">\n                                            <div class=\"content\">\n                                                <h4 class=\"htmega-post-g-title\"><a href='https:\/\/gingandopelapaz.org\/fr\/uncategorized\/gingando-com-o-dr-denis-mukwege-premio-nobel-da-paz\/'>GINGANDO COM O DR. DENIS MUKWEGE, PR\u00caMIO NOBEL DA PAZ<\/a><\/h4>                                                                                            <\/div>\n                                        <\/div>\n                                                                        <\/div>\n                            <\/div>\n\n                        \n                        \n                                                    <div class=\"htb-col-lg-4 htb-col-sm-6 htb-col-12\">\n                                <div class=\"ht-post black-overlay mt--30\">\n                                        <div class=\"thumb\">\n                                            <a href=\"https:\/\/www.youtube.com\/watch?v=LM41gsa9TG4\" target=\"_blank\" rel=\"noopener noreferrer nofollow\">\n                                                <img decoding=\"async\" width=\"1439\" height=\"1080\" src=\"https:\/\/gingandopelapaz.org\/wp-content\/uploads\/2020\/09\/img_9924-1.webp\" class=\"attachment-full size-full wp-post-image\" alt=\"\" srcset=\"https:\/\/gingandopelapaz.org\/wp-content\/uploads\/2020\/09\/img_9924-1.webp 1439w, https:\/\/gingandopelapaz.org\/wp-content\/uploads\/2020\/09\/img_9924-1-300x225.webp 300w, https:\/\/gingandopelapaz.org\/wp-content\/uploads\/2020\/09\/img_9924-1-1024x769.webp 1024w, https:\/\/gingandopelapaz.org\/wp-content\/uploads\/2020\/09\/img_9924-1-768x576.webp 768w, https:\/\/gingandopelapaz.org\/wp-content\/uploads\/2020\/09\/img_9924-1-16x12.webp 16w\" sizes=\"(max-width: 1439px) 100vw, 1439px\" \/>                                            <\/a>\n                                        <\/div>\n                                                                                            <a href=\"https:\/\/gingandopelapaz.org\/fr\/category\/news\/\" class=\"category post-category post-position-top-left news\">News<\/a>\n                                                                                            <div class=\"post-content\">\n                                            <div class=\"content\">\n                                                <h4 class=\"htmega-post-g-title\"><a href='https:\/\/www.youtube.com\/watch?v=LM41gsa9TG4' target=\"_blank\" rel=\"noopener noreferrer nofollow\">GOMA, RDC: GINGANDO NA MEDIA\u00c7\u00c3O DE CONFLITOS<\/a><\/h4>                                                                                            <\/div>\n                                        <\/div>\n                                                                        <\/div>\n                            <\/div>\n\n                        \n                        \n                                                    <div class=\"htb-col-lg-4 htb-col-sm-6 htb-col-12\">\n                                <div class=\"ht-post black-overlay mt--30\">\n                                        <div class=\"thumb\">\n                                            <a href=\"https:\/\/www.youtube.com\/watch?v=h4iX1C7IQ_Y\" target=\"_blank\" rel=\"noopener noreferrer nofollow\">\n                                                <img decoding=\"async\" width=\"1440\" height=\"1080\" src=\"https:\/\/gingandopelapaz.org\/wp-content\/uploads\/2020\/09\/img_0806.webp\" class=\"attachment-full size-full wp-post-image\" alt=\"\" srcset=\"https:\/\/gingandopelapaz.org\/wp-content\/uploads\/2020\/09\/img_0806.webp 1440w, https:\/\/gingandopelapaz.org\/wp-content\/uploads\/2020\/09\/img_0806-300x225.webp 300w, https:\/\/gingandopelapaz.org\/wp-content\/uploads\/2020\/09\/img_0806-1024x768.webp 1024w, https:\/\/gingandopelapaz.org\/wp-content\/uploads\/2020\/09\/img_0806-768x576.webp 768w, https:\/\/gingandopelapaz.org\/wp-content\/uploads\/2020\/09\/img_0806-16x12.webp 16w\" sizes=\"(max-width: 1440px) 100vw, 1440px\" \/>                                            <\/a>\n                                        <\/div>\n                                                                                            <a href=\"https:\/\/gingandopelapaz.org\/fr\/category\/news\/\" class=\"category post-category post-position-top-left news\">News<\/a>\n                                                                                            <div class=\"post-content\">\n                                            <div class=\"content\">\n                                                <h4 class=\"htmega-post-g-title\"><a href='https:\/\/www.youtube.com\/watch?v=h4iX1C7IQ_Y' target=\"_blank\" rel=\"noopener noreferrer nofollow\">GOMA, RDC: A PERCEP\u00c7\u00c3O DE JOVENS CONGOLESES SOBRE A CAPOEIRA<\/a><\/h4>                                                                                            <\/div>\n                                        <\/div>\n                                                                        <\/div>\n                            <\/div>\n\n                        \n                                        <\/div>\n            <\/div>\n        <\/div>\n\n        \t\t\t\t<\/div>\n\t\t\t\t<\/div>\n\t\t\t\t\t<\/div>\n\t\t<\/div>\n\t\t\t\t\t<\/div>\n\t\t<\/section>\n\t\t\t\t<\/div>","protected":false},"excerpt":{"rendered":"<p>Gingando pela Paz Capoeira como Tecnologia Social para a prote\u00e7\u00e3o de crian\u00e7as em vulnerabilidade Galeria da Gingando Fotos &amp; Videos &#8211; Gingando pela Paz Blog da Gingando Gingando&hellip;<\/p>\n<p> <a class=\"more-link\" href=\"https:\/\/www.youtube.com\/watch?v=h4iX1C7IQ_Y\">Lire la suite<\/a><\/p>","protected":false},"author":4,"featured_media":12164,"parent":0,"menu_order":0,"comment_status":"closed","ping_status":"closed","template":"","meta":{"give_campaign_id":0,"footnotes":""},"class_list":["post-8754","page","type-page","status-publish","has-post-thumbnail"],"campaignId":"","_links":{"self":[{"href":"https:\/\/gingandopelapaz.org\/fr\/wp-json\/wp\/v2\/pages\/8754","targetHints":{"allow":["GET"]}}],"collection":[{"href":"https:\/\/gingandopelapaz.org\/fr\/wp-json\/wp\/v2\/pages"}],"about":[{"href":"https:\/\/gingandopelapaz.org\/fr\/wp-json\/wp\/v2\/types\/page"}],"author":[{"embeddable":true,"href":"https:\/\/gingandopelapaz.org\/fr\/wp-json\/wp\/v2\/users\/4"}],"replies":[{"embeddable":true,"href":"https:\/\/gingandopelapaz.org\/fr\/wp-json\/wp\/v2\/comments?post=8754"}],"version-history":[{"count":5,"href":"https:\/\/gingandopelapaz.org\/fr\/wp-json\/wp\/v2\/pages\/8754\/revisions"}],"predecessor-version":[{"id":13018,"href":"https:\/\/gingandopelapaz.org\/fr\/wp-json\/wp\/v2\/pages\/8754\/revisions\/13018"}],"wp:featuredmedia":[{"embeddable":true,"href":"https:\/\/gingandopelapaz.org\/fr\/wp-json\/wp\/v2\/media\/12164"}],"wp:attachment":[{"href":"https:\/\/gingandopelapaz.org\/fr\/wp-json\/wp\/v2\/media?parent=8754"}],"curies":[{"name":"wp","href":"https:\/\/api.w.org\/{rel}","templated":true}]}}